{"id":944,"date":"2021-12-27T12:00:15","date_gmt":"2021-12-27T12:00:15","guid":{"rendered":"https:\/\/gennaridaneri.it\/?page_id=944"},"modified":"2023-06-22T19:08:23","modified_gmt":"2023-06-22T19:08:23","slug":"cima-bifora-bosco-di-molko","status":"publish","type":"page","link":"https:\/\/gennaridaneri.it\/?page_id=944","title":{"rendered":"Cima Bifora &#8211; Bosco di Molko"},"content":{"rendered":"\n<figure class=\"wp-block-image size-large\"><img decoding=\"async\" width=\"1024\" height=\"623\" data-src=\"https:\/\/gennaridaneri.it\/wp-content\/uploads\/2021\/12\/Schermata-2020-08-03-alle-10.53.50-1024x623.jpg\" alt=\"\" class=\"wp-image-945 lazyload\" data-srcset=\"https:\/\/gennaridaneri.it\/wp-content\/uploads\/2021\/12\/Schermata-2020-08-03-alle-10.53.50-1024x623.jpg 1024w, https:\/\/gennaridaneri.it\/wp-content\/uploads\/2021\/12\/Schermata-2020-08-03-alle-10.53.50-300x182.jpg 300w, https:\/\/gennaridaneri.it\/wp-content\/uploads\/2021\/12\/Schermata-2020-08-03-alle-10.53.50-768x467.jpg 768w, https:\/\/gennaridaneri.it\/wp-content\/uploads\/2021\/12\/Schermata-2020-08-03-alle-10.53.50.jpg 1281w\" data-sizes=\"(max-width: 1024px) 100vw, 1024px\" src=\"data:image\/svg+xml;base64,PHN2ZyB3aWR0aD0iMSIgaGVpZ2h0PSIxIiB4bWxucz0iaHR0cDovL3d3dy53My5vcmcvMjAwMC9zdmciPjwvc3ZnPg==\" style=\"--smush-placeholder-width: 1024px; --smush-placeholder-aspect-ratio: 1024\/623;\" \/><\/figure>\n\n\n\n<p class=\"has-drop-cap\">All\u2019epoca l\u2019abbiamo chiamato \u201calpinismo casual\u201d, perch\u00e8 la parete era completamente vergine da vie, e abbiamo potuto scegliere la linea pi\u00f9 attraente di quella sezione. <\/p>\n\n\n\n<figure class=\"wp-block-image size-large\"><img decoding=\"async\" width=\"724\" height=\"1024\" data-src=\"https:\/\/gennaridaneri.it\/wp-content\/uploads\/2021\/12\/via-Bosco-di-Molko-724x1024.jpg\" alt=\"\" class=\"wp-image-946 lazyload\" data-srcset=\"https:\/\/gennaridaneri.it\/wp-content\/uploads\/2021\/12\/via-Bosco-di-Molko-724x1024.jpg 724w, https:\/\/gennaridaneri.it\/wp-content\/uploads\/2021\/12\/via-Bosco-di-Molko-212x300.jpg 212w, https:\/\/gennaridaneri.it\/wp-content\/uploads\/2021\/12\/via-Bosco-di-Molko-768x1086.jpg 768w, https:\/\/gennaridaneri.it\/wp-content\/uploads\/2021\/12\/via-Bosco-di-Molko-1086x1536.jpg 1086w, https:\/\/gennaridaneri.it\/wp-content\/uploads\/2021\/12\/via-Bosco-di-Molko-scaled.jpg 1448w\" data-sizes=\"(max-width: 724px) 100vw, 724px\" src=\"data:image\/svg+xml;base64,PHN2ZyB3aWR0aD0iMSIgaGVpZ2h0PSIxIiB4bWxucz0iaHR0cDovL3d3dy53My5vcmcvMjAwMC9zdmciPjwvc3ZnPg==\" style=\"--smush-placeholder-width: 724px; --smush-placeholder-aspect-ratio: 724\/1024;\" \/><\/figure>\n\n\n\n<p>La via \u00e8 la pi\u00f9 facile tra quelle che abbiamo tracciato sulla parete e, per questo, anche l\u2019unica aperta in giornata dal Rif. Segantini .<\/p>\n\n\n\n<figure class=\"wp-block-image size-large\"><img decoding=\"async\" width=\"1024\" height=\"768\" data-src=\"https:\/\/gennaridaneri.it\/wp-content\/uploads\/2021\/12\/Annalisa-Caggiati-in-S1-1024x768.jpg\" alt=\"\" class=\"wp-image-947 lazyload\" data-srcset=\"https:\/\/gennaridaneri.it\/wp-content\/uploads\/2021\/12\/Annalisa-Caggiati-in-S1-1024x768.jpg 1024w, https:\/\/gennaridaneri.it\/wp-content\/uploads\/2021\/12\/Annalisa-Caggiati-in-S1-300x225.jpg 300w, https:\/\/gennaridaneri.it\/wp-content\/uploads\/2021\/12\/Annalisa-Caggiati-in-S1-768x576.jpg 768w, https:\/\/gennaridaneri.it\/wp-content\/uploads\/2021\/12\/Annalisa-Caggiati-in-S1.jpg 1280w\" data-sizes=\"(max-width: 1024px) 100vw, 1024px\" src=\"data:image\/svg+xml;base64,PHN2ZyB3aWR0aD0iMSIgaGVpZ2h0PSIxIiB4bWxucz0iaHR0cDovL3d3dy53My5vcmcvMjAwMC9zdmciPjwvc3ZnPg==\" style=\"--smush-placeholder-width: 1024px; --smush-placeholder-aspect-ratio: 1024\/768;\" \/><\/figure>\n\n\n\n<p>Il nome viene dalla strepitosa canzone \u201cBosco\u201d dei Placebo, composta e cantata da Brian Molko.<\/p>\n\n\n\n<figure class=\"wp-block-gallery has-nested-images columns-default is-cropped wp-block-gallery-1 is-layout-flex wp-block-gallery-is-layout-flex\">\n<figure class=\"wp-block-image size-large\"><img decoding=\"async\" width=\"1024\" height=\"768\" data-id=\"948\" data-src=\"https:\/\/gennaridaneri.it\/wp-content\/uploads\/2021\/12\/Annalisa-Caggiati-L2-6c-1024x768.jpg\" alt=\"\" class=\"wp-image-948 lazyload\" data-srcset=\"https:\/\/gennaridaneri.it\/wp-content\/uploads\/2021\/12\/Annalisa-Caggiati-L2-6c-1024x768.jpg 1024w, https:\/\/gennaridaneri.it\/wp-content\/uploads\/2021\/12\/Annalisa-Caggiati-L2-6c-300x225.jpg 300w, https:\/\/gennaridaneri.it\/wp-content\/uploads\/2021\/12\/Annalisa-Caggiati-L2-6c-768x576.jpg 768w, https:\/\/gennaridaneri.it\/wp-content\/uploads\/2021\/12\/Annalisa-Caggiati-L2-6c.jpg 1280w\" data-sizes=\"(max-width: 1024px) 100vw, 1024px\" src=\"data:image\/svg+xml;base64,PHN2ZyB3aWR0aD0iMSIgaGVpZ2h0PSIxIiB4bWxucz0iaHR0cDovL3d3dy53My5vcmcvMjAwMC9zdmciPjwvc3ZnPg==\" style=\"--smush-placeholder-width: 1024px; --smush-placeholder-aspect-ratio: 1024\/768;\" \/><\/figure>\n<\/figure>\n\n\n\n<p>E\u2019 una via trad con in tutto due fix e 1 chiodo di protezione sui tiri. Soste a fix + maillon. Con una sola corda da 80 si va e si torna. Avvicinamento 90\u2032 dal Rifugio. La via \u00e8 stata aperta e liberata a vista senza appendersi. Difficolt\u00e0 max 6c+, sulla fessura del secondo tiro. <\/p>\n\n\n\n<figure class=\"wp-block-image size-large\"><img decoding=\"async\" width=\"1024\" height=\"768\" data-src=\"https:\/\/gennaridaneri.it\/wp-content\/uploads\/2021\/12\/P1050250-1024x768.jpg\" alt=\"\" class=\"wp-image-949 lazyload\" data-srcset=\"https:\/\/gennaridaneri.it\/wp-content\/uploads\/2021\/12\/P1050250-1024x768.jpg 1024w, https:\/\/gennaridaneri.it\/wp-content\/uploads\/2021\/12\/P1050250-300x225.jpg 300w, https:\/\/gennaridaneri.it\/wp-content\/uploads\/2021\/12\/P1050250-768x576.jpg 768w, https:\/\/gennaridaneri.it\/wp-content\/uploads\/2021\/12\/P1050250.jpg 1280w\" data-sizes=\"(max-width: 1024px) 100vw, 1024px\" src=\"data:image\/svg+xml;base64,PHN2ZyB3aWR0aD0iMSIgaGVpZ2h0PSIxIiB4bWxucz0iaHR0cDovL3d3dy53My5vcmcvMjAwMC9zdmciPjwvc3ZnPg==\" style=\"--smush-placeholder-width: 1024px; --smush-placeholder-aspect-ratio: 1024\/768;\" \/><\/figure>\n\n\n\n<p>Obbligatorio basso (6a in placca poco proteggibile) perch\u00e9 la fessura in questione prende ottimamente i friend. Portare una serie completa fino al 4bd, quest\u2019ultimo doppio se non si vuole trascinarselo dietro come ho fatto io. Discesa a doppie attrezzate. <\/p>\n\n\n\n<figure class=\"wp-block-image size-large\"><img decoding=\"async\" width=\"1024\" height=\"768\" data-src=\"https:\/\/gennaridaneri.it\/wp-content\/uploads\/2021\/12\/Annalisa-Caggiati-L3-6a-1024x768.jpg\" alt=\"\" class=\"wp-image-950 lazyload\" data-srcset=\"https:\/\/gennaridaneri.it\/wp-content\/uploads\/2021\/12\/Annalisa-Caggiati-L3-6a-1024x768.jpg 1024w, https:\/\/gennaridaneri.it\/wp-content\/uploads\/2021\/12\/Annalisa-Caggiati-L3-6a-300x225.jpg 300w, https:\/\/gennaridaneri.it\/wp-content\/uploads\/2021\/12\/Annalisa-Caggiati-L3-6a-768x576.jpg 768w, https:\/\/gennaridaneri.it\/wp-content\/uploads\/2021\/12\/Annalisa-Caggiati-L3-6a.jpg 1280w\" data-sizes=\"(max-width: 1024px) 100vw, 1024px\" src=\"data:image\/svg+xml;base64,PHN2ZyB3aWR0aD0iMSIgaGVpZ2h0PSIxIiB4bWxucz0iaHR0cDovL3d3dy53My5vcmcvMjAwMC9zdmciPjwvc3ZnPg==\" style=\"--smush-placeholder-width: 1024px; --smush-placeholder-aspect-ratio: 1024\/768;\" \/><\/figure>\n\n\n\n<p>Avvicinamento: per questa via \u00e8 meglio, dal Rifugio Segantini, percorrere la lunga dorsale del sentiero segnato per la Presanella; quando questo pi\u00f9 si avvicina alla parete a sinistra tagliare per la morena quasi in orizzontale fino all\u2019attacco; in discesa \u00e8 pi\u00f9 rapido invece abbassarsi a sinistra sotto la verticale delle altre vie e di qui scendere nel vallone fino alla piana (foto sopra). L\u2019esposizione \u00e8 Est (sole al mattino).<\/p>\n\n\n\n<p>Andrea Gennari Daneri e Annalisa Caggiati 2017<\/p>\n","protected":false},"excerpt":{"rendered":"<p>All\u2019epoca l\u2019abbiamo chiamato \u201calpinismo casual\u201d, perch\u00e8 la parete era completamente vergine da vie, e abbiamo potuto scegliere la linea pi\u00f9 attraente di quella sezione. La via \u00e8 la pi\u00f9 facile tra quelle che abbiamo tracciato sulla parete e, per questo, anche l\u2019unica aperta in giornata dal Rif. Segantini . Il nome viene dalla strepitosa canzone [&hellip;]<\/p>\n","protected":false},"author":1,"featured_media":801,"parent":0,"menu_order":0,"comment_status":"closed","ping_status":"closed","template":"","meta":{"footnotes":""},"class_list":["post-944","page","type-page","status-publish","has-post-thumbnail","hentry"],"_links":{"self":[{"href":"https:\/\/gennaridaneri.it\/index.php?rest_route=\/wp\/v2\/pages\/944","targetHints":{"allow":["GET"]}}],"collection":[{"href":"https:\/\/gennaridaneri.it\/index.php?rest_route=\/wp\/v2\/pages"}],"about":[{"href":"https:\/\/gennaridaneri.it\/index.php?rest_route=\/wp\/v2\/types\/page"}],"author":[{"embeddable":true,"href":"https:\/\/gennaridaneri.it\/index.php?rest_route=\/wp\/v2\/users\/1"}],"replies":[{"embeddable":true,"href":"https:\/\/gennaridaneri.it\/index.php?rest_route=%2Fwp%2Fv2%2Fcomments&post=944"}],"version-history":[{"count":1,"href":"https:\/\/gennaridaneri.it\/index.php?rest_route=\/wp\/v2\/pages\/944\/revisions"}],"predecessor-version":[{"id":1040,"href":"https:\/\/gennaridaneri.it\/index.php?rest_route=\/wp\/v2\/pages\/944\/revisions\/1040"}],"wp:featuredmedia":[{"embeddable":true,"href":"https:\/\/gennaridaneri.it\/index.php?rest_route=\/wp\/v2\/media\/801"}],"wp:attachment":[{"href":"https:\/\/gennaridaneri.it\/index.php?rest_route=%2Fwp%2Fv2%2Fmedia&parent=944"}],"curies":[{"name":"wp","href":"https:\/\/api.w.org\/{rel}","templated":true}]}}